{"id":98,"date":"2021-08-05T22:06:08","date_gmt":"2021-08-05T22:06:08","guid":{"rendered":"https:\/\/joaobelo.com.br\/loja\/?post_type=product&#038;p=98"},"modified":"2025-07-05T07:39:28","modified_gmt":"2025-07-05T07:39:28","slug":"menor-distancia","status":"publish","type":"product","link":"https:\/\/joaobelo.com.br\/loja\/produto\/menor-distancia\/","title":{"rendered":"Menor dist\u00e2ncia entre dois pontos \u00e9 uma fuga"},"content":{"rendered":"<div>Sinopse<\/div>\n<div>\n<p>\u201cNuma manh\u00e3 de junho de 1944 o navio militar americano W. A. Mann est\u00e1 preparado para se lan\u00e7ar ao mar rumo ao continente europeu. Entre seus passageiros um jovem pracinha se encontra completamente deslocado entre aquele mar de pessoas. Numa pequena cidade interiorana uma mulher parte para sua jornada dupla de trabalho. Durante o dia, atende os clientes de um pequeno bar.\u00a0\u00a0\u00c0 noite, dan\u00e7a em uma decadente casa noturna da cidade. Um homem passa os dias internado em um hospital psiqui\u00e1trico buscando se encontrar em meio a confus\u00e3o mental que o atormenta. Eles procuram alguma forma de enfrentar seus problemas e, em alguns momentos, a fuga \u00e9 a \u00fanica tangente poss\u00edvel.&#8221;<\/p>\n<p>Autor: Gabriel Nascimento e Jo\u00e3o Belo<br \/>\nAno de lan\u00e7amento: 2021<br \/>\nFormato: 20x27cm<br \/>\nN\u00famero de p\u00e1ginas: 140<br \/>\nImpress\u00e3o: P&amp;B e cores<\/p>\n<p>&nbsp;<\/p>\n<\/div>\n<div id=\"accel-snackbar\" style=\"left: 50%; transform: translate(-50%, 0px); top: 50px;\"><\/div>\n","protected":false},"excerpt":{"rendered":"<div>Sinopse<\/div>\n<div>\n<p>\u201cNuma manh\u00e3 de junho de 1944 o navio militar americano W. A. Mann est\u00e1 preparado para se lan\u00e7ar ao mar rumo ao continente europeu. Entre seus passageiros um jovem pracinha se encontra completamente deslocado entre aquele mar de pessoas. Numa pequena cidade interiorana uma mulher parte para sua jornada dupla de trabalho. Durante o dia, atende os clientes de um pequeno bar.\u00a0\u00a0\u00c0 noite, dan\u00e7a em uma decadente casa noturna da cidade. Um homem passa os dias internado em um hospital psiqui\u00e1trico buscando se encontrar em meio a confus\u00e3o mental que o atormenta. Eles procuram alguma forma de enfrentar seus problemas e, em alguns momentos, a fuga \u00e9 a \u00fanica tangente poss\u00edvel.&#8221;<\/p>\n<p>Autor: Gabriel Nascimento e Jo\u00e3o Belo<br \/>\nAno de lan\u00e7amento: 2021<br \/>\nFormato: 20x27cm<br \/>\nN\u00famero de p\u00e1ginas: 140<br \/>\nImpress\u00e3o: P&amp;B e cores<\/p>\n<\/div>\n<div id=\"accel-snackbar\" style=\"left: 50%; transform: translate(-50%, 0px); top: 50px;\"><\/div>\n","protected":false},"featured_media":104,"comment_status":"open","ping_status":"closed","template":"","meta":{"pagelayer_contact_templates":[],"_pagelayer_content":""},"product_brand":[],"product_cat":[32,22],"product_tag":[],"class_list":{"0":"post-98","1":"product","2":"type-product","3":"status-publish","4":"has-post-thumbnail","6":"product_cat-quadrinho-nacional","7":"product_cat-quadrinho","8":"product_shipping_class-medio","10":"first","11":"outofstock","12":"taxable","13":"shipping-taxable","14":"purchasable","15":"product-type-simple"},"jetpack_sharing_enabled":true,"_links":{"self":[{"href":"https:\/\/joaobelo.com.br\/loja\/wp-json\/wp\/v2\/product\/98","targetHints":{"allow":["GET"]}}],"collection":[{"href":"https:\/\/joaobelo.com.br\/loja\/wp-json\/wp\/v2\/product"}],"about":[{"href":"https:\/\/joaobelo.com.br\/loja\/wp-json\/wp\/v2\/types\/product"}],"replies":[{"embeddable":true,"href":"https:\/\/joaobelo.com.br\/loja\/wp-json\/wp\/v2\/comments?post=98"}],"wp:featuredmedia":[{"embeddable":true,"href":"https:\/\/joaobelo.com.br\/loja\/wp-json\/wp\/v2\/media\/104"}],"wp:attachment":[{"href":"https:\/\/joaobelo.com.br\/loja\/wp-json\/wp\/v2\/media?parent=98"}],"wp:term":[{"taxonomy":"product_brand","embeddable":true,"href":"https:\/\/joaobelo.com.br\/loja\/wp-json\/wp\/v2\/product_brand?post=98"},{"taxonomy":"product_cat","embeddable":true,"href":"https:\/\/joaobelo.com.br\/loja\/wp-json\/wp\/v2\/product_cat?post=98"},{"taxonomy":"product_tag","embeddable":true,"href":"https:\/\/joaobelo.com.br\/loja\/wp-json\/wp\/v2\/product_tag?post=98"}],"curies":[{"name":"wp","href":"https:\/\/api.w.org\/{rel}","templated":true}]}}