{"id":93,"date":"2021-07-29T19:38:13","date_gmt":"2021-07-29T19:38:13","guid":{"rendered":"https:\/\/joaobelo.com.br\/loja\/?post_type=product&#038;p=93"},"modified":"2023-11-17T04:45:05","modified_gmt":"2023-11-17T04:45:05","slug":"zine-primavera","status":"publish","type":"product","link":"https:\/\/joaobelo.com.br\/loja\/produto\/zine-primavera\/","title":{"rendered":"Zine &#8216;Primavera&#8217;"},"content":{"rendered":"<p>&#8216;Primavera&#8217; \u00e9 um experimento narrativo escrito durante o &#8216;inktober&#8217;, uma tag iniciada em 2009 pelo ilustrador Jake Parker, cuja proposta \u00e9 produzir um desenho por dia ao longo do m\u00eas de outubro. Voc\u00ea pode iniciar a leitura por qualquer lado desta revista, a hist\u00f3ria \u00e9 a mesma, mas com algumas varia\u00e7\u00f5es de sentido.<\/p>\n<p>Autor: Jo\u00e3o Belo<br \/>\nAno de lan\u00e7amento: 2018<br \/>\nN\u00famero de p\u00e1ginas: 32<br \/>\nImpress\u00e3o: P&amp;B<\/p>\n<div id=\"accel-snackbar\" style=\"left: 50%; transform: translate(-50%, 0px); top: 50px;\"><\/div>\n","protected":false},"excerpt":{"rendered":"<p>&#8216;Primavera&#8217; \u00e9 um experimento narrativo escrito durante o &#8216;inktober&#8217;, uma tag iniciada em 2009 pelo ilustrador Jake Parker, cuja proposta \u00e9 produzir um desenho por dia ao longo do m\u00eas de outubro. Voc\u00ea pode iniciar a leitura por qualquer lado desta revista, a hist\u00f3ria \u00e9 a mesma, mas com algumas varia\u00e7\u00f5es de sentido.<\/p>\n<p>Autor: Jo\u00e3o Belo<br \/>\nAno de lan\u00e7amento: 2018<br \/>\nDimens\u00e3o: 10x10cm<br \/>\nN\u00famero de p\u00e1ginas: 32<br \/>\nImpress\u00e3o: P&amp;B<\/p>\n<div id=\"accel-snackbar\" style=\"left: 50%; transform: translate(-50%, 0px); top: 50px;\"><\/div>\n","protected":false},"featured_media":94,"comment_status":"open","ping_status":"closed","template":"","meta":{"pagelayer_contact_templates":[],"_pagelayer_content":""},"product_brand":[],"product_cat":[32,22],"product_tag":[],"class_list":{"0":"post-93","1":"product","2":"type-product","3":"status-publish","4":"has-post-thumbnail","6":"product_cat-quadrinho-nacional","7":"product_cat-quadrinho","8":"product_shipping_class-medio","10":"first","11":"onbackorder","12":"taxable","13":"shipping-taxable","14":"purchasable","15":"product-type-simple"},"jetpack_sharing_enabled":true,"_links":{"self":[{"href":"https:\/\/joaobelo.com.br\/loja\/wp-json\/wp\/v2\/product\/93","targetHints":{"allow":["GET"]}}],"collection":[{"href":"https:\/\/joaobelo.com.br\/loja\/wp-json\/wp\/v2\/product"}],"about":[{"href":"https:\/\/joaobelo.com.br\/loja\/wp-json\/wp\/v2\/types\/product"}],"replies":[{"embeddable":true,"href":"https:\/\/joaobelo.com.br\/loja\/wp-json\/wp\/v2\/comments?post=93"}],"wp:featuredmedia":[{"embeddable":true,"href":"https:\/\/joaobelo.com.br\/loja\/wp-json\/wp\/v2\/media\/94"}],"wp:attachment":[{"href":"https:\/\/joaobelo.com.br\/loja\/wp-json\/wp\/v2\/media?parent=93"}],"wp:term":[{"taxonomy":"product_brand","embeddable":true,"href":"https:\/\/joaobelo.com.br\/loja\/wp-json\/wp\/v2\/product_brand?post=93"},{"taxonomy":"product_cat","embeddable":true,"href":"https:\/\/joaobelo.com.br\/loja\/wp-json\/wp\/v2\/product_cat?post=93"},{"taxonomy":"product_tag","embeddable":true,"href":"https:\/\/joaobelo.com.br\/loja\/wp-json\/wp\/v2\/product_tag?post=93"}],"curies":[{"name":"wp","href":"https:\/\/api.w.org\/{rel}","templated":true}]}}