{"id":89,"date":"2021-07-28T19:44:06","date_gmt":"2021-07-28T19:44:06","guid":{"rendered":"https:\/\/joaobelo.com.br\/loja\/?post_type=product&#038;p=89"},"modified":"2024-05-17T14:53:59","modified_gmt":"2024-05-17T14:53:59","slug":"util-como-escafandro-no-incendio","status":"publish","type":"product","link":"https:\/\/joaobelo.com.br\/loja\/produto\/util-como-escafandro-no-incendio\/","title":{"rendered":"Cartaz \u00datil como escafandro no inc\u00eandio"},"content":{"rendered":"<p>\u00datil como escafandro no inc\u00eandio. S\u00e9rie Purop\u00e9lago<\/p>\n<p>Cartaz formato A4 \u2013 210x297mm<br \/>\nImpresso em papel offset 120g<\/p>\n<div id=\"accel-snackbar\" style=\"left: 50%; transform: translate(-50%, 0px); top: 50px;\"><\/div>\n","protected":false},"excerpt":{"rendered":"<p>\u00datil como escafandro do inc\u00eandio.<\/p>\n<p>Cartaz formato A4 \u2013 210x297mm<br \/>\nImpresso em papel offset 120g<\/p>\n<div id=\"accel-snackbar\" style=\"left: 50%; transform: translate(-50%, 0px); top: 50px;\"><\/div>\n","protected":false},"featured_media":90,"comment_status":"open","ping_status":"closed","template":"","meta":{"pagelayer_contact_templates":[],"_pagelayer_content":""},"product_brand":[],"product_cat":[21],"product_tag":[],"class_list":{"0":"post-89","1":"product","2":"type-product","3":"status-publish","4":"has-post-thumbnail","6":"product_cat-cartazes","7":"product_shipping_class-leve","9":"first","10":"instock","11":"taxable","12":"shipping-taxable","13":"purchasable","14":"product-type-simple"},"jetpack_sharing_enabled":true,"_links":{"self":[{"href":"https:\/\/joaobelo.com.br\/loja\/wp-json\/wp\/v2\/product\/89","targetHints":{"allow":["GET"]}}],"collection":[{"href":"https:\/\/joaobelo.com.br\/loja\/wp-json\/wp\/v2\/product"}],"about":[{"href":"https:\/\/joaobelo.com.br\/loja\/wp-json\/wp\/v2\/types\/product"}],"replies":[{"embeddable":true,"href":"https:\/\/joaobelo.com.br\/loja\/wp-json\/wp\/v2\/comments?post=89"}],"wp:featuredmedia":[{"embeddable":true,"href":"https:\/\/joaobelo.com.br\/loja\/wp-json\/wp\/v2\/media\/90"}],"wp:attachment":[{"href":"https:\/\/joaobelo.com.br\/loja\/wp-json\/wp\/v2\/media?parent=89"}],"wp:term":[{"taxonomy":"product_brand","embeddable":true,"href":"https:\/\/joaobelo.com.br\/loja\/wp-json\/wp\/v2\/product_brand?post=89"},{"taxonomy":"product_cat","embeddable":true,"href":"https:\/\/joaobelo.com.br\/loja\/wp-json\/wp\/v2\/product_cat?post=89"},{"taxonomy":"product_tag","embeddable":true,"href":"https:\/\/joaobelo.com.br\/loja\/wp-json\/wp\/v2\/product_tag?post=89"}],"curies":[{"name":"wp","href":"https:\/\/api.w.org\/{rel}","templated":true}]}}