{"id":76,"date":"2021-07-08T19:52:23","date_gmt":"2021-07-08T19:52:23","guid":{"rendered":"https:\/\/joaobelo.com.br\/loja\/?post_type=product&#038;p=76"},"modified":"2023-11-01T13:14:34","modified_gmt":"2023-11-01T13:14:34","slug":"maria-joao","status":"publish","type":"product","link":"https:\/\/joaobelo.com.br\/loja\/produto\/maria-joao\/","title":{"rendered":"Maria &#038; Jo\u00e3o"},"content":{"rendered":"<p>Maria e Jo\u00e3o \u00e9 um livro de releitura da tradicional hist\u00f3ria de Jo\u00e3o e Maria. Composta por 25 xilo e lin\u00f3leo gravuras, a hist\u00f3ria reconsidera o papel das personagens envolvidas em uma narrativa sem palavras. Al\u00e9m disso, o livro \u00e9 numerado, costurado e montado manualmente e tem introdu\u00e7\u00e3o de Aline Lemos.<\/p>\n<p>Autor: Gabriel Nascimento<br \/>\nAno de lan\u00e7amento: 2015<br \/>\nN\u00famero de p\u00e1ginas: 58<\/p>\n","protected":false},"excerpt":{"rendered":"<p>Maria e Jo\u00e3o \u00e9 um livro de releitura da tradicional hist\u00f3ria de Jo\u00e3o e Maria. Composta por 25 xilo e lin\u00f3leo gravuras, a hist\u00f3ria reconsidera o papel das personagens envolvidas em uma narrativa sem palavras. Al\u00e9m disso, o livro \u00e9 numerado, costurado e montado manualmente e tem introdu\u00e7\u00e3o de Aline Lemos.<\/p>\n","protected":false},"featured_media":77,"comment_status":"open","ping_status":"closed","template":"","meta":{"pagelayer_contact_templates":[],"_pagelayer_content":""},"product_brand":[],"product_cat":[22],"product_tag":[],"class_list":{"0":"post-76","1":"product","2":"type-product","3":"status-publish","4":"has-post-thumbnail","6":"product_cat-quadrinho","7":"product_shipping_class-medio","9":"first","10":"instock","11":"taxable","12":"shipping-taxable","13":"purchasable","14":"product-type-simple"},"jetpack_sharing_enabled":true,"_links":{"self":[{"href":"https:\/\/joaobelo.com.br\/loja\/wp-json\/wp\/v2\/product\/76","targetHints":{"allow":["GET"]}}],"collection":[{"href":"https:\/\/joaobelo.com.br\/loja\/wp-json\/wp\/v2\/product"}],"about":[{"href":"https:\/\/joaobelo.com.br\/loja\/wp-json\/wp\/v2\/types\/product"}],"replies":[{"embeddable":true,"href":"https:\/\/joaobelo.com.br\/loja\/wp-json\/wp\/v2\/comments?post=76"}],"wp:featuredmedia":[{"embeddable":true,"href":"https:\/\/joaobelo.com.br\/loja\/wp-json\/wp\/v2\/media\/77"}],"wp:attachment":[{"href":"https:\/\/joaobelo.com.br\/loja\/wp-json\/wp\/v2\/media?parent=76"}],"wp:term":[{"taxonomy":"product_brand","embeddable":true,"href":"https:\/\/joaobelo.com.br\/loja\/wp-json\/wp\/v2\/product_brand?post=76"},{"taxonomy":"product_cat","embeddable":true,"href":"https:\/\/joaobelo.com.br\/loja\/wp-json\/wp\/v2\/product_cat?post=76"},{"taxonomy":"product_tag","embeddable":true,"href":"https:\/\/joaobelo.com.br\/loja\/wp-json\/wp\/v2\/product_tag?post=76"}],"curies":[{"name":"wp","href":"https:\/\/api.w.org\/{rel}","templated":true}]}}