{"id":73,"date":"2021-07-06T20:01:57","date_gmt":"2021-07-06T20:01:57","guid":{"rendered":"https:\/\/joaobelo.com.br\/loja\/?post_type=product&#038;p=73"},"modified":"2024-05-17T14:49:06","modified_gmt":"2024-05-17T14:49:06","slug":"encontro-lampiao-com-eike-batista","status":"publish","type":"product","link":"https:\/\/joaobelo.com.br\/loja\/produto\/encontro-lampiao-com-eike-batista\/","title":{"rendered":"Cartaz Encontro Lampi\u00e3o com Eike Batista"},"content":{"rendered":"<p>Cartaz idealizado a partir de inspira\u00e7\u00e3o da m\u00fasica &#8216;O Encontro de Lampi\u00e3o com Eike Batista&#8217; da banda El efecto.<\/p>\n<p>Cartaz formato A4 \u2013 210x297mm<br \/>\nImpresso em papel offset 120g<\/p>\n","protected":false},"excerpt":{"rendered":"<p>Cartaz idealizado a partir de inspira\u00e7\u00e3o da m\u00fasica &#8216;O Encontro de Lampi\u00e3o com Eike Batista&#8217; da banda El efecto.<\/p>\n<p>Cartaz formato A4 \u2013 210x297mm<br \/>\nImpresso em papel offset 120g<\/p>\n","protected":false},"featured_media":74,"comment_status":"open","ping_status":"closed","template":"","meta":{"pagelayer_contact_templates":[],"_pagelayer_content":""},"product_brand":[],"product_cat":[21],"product_tag":[],"class_list":{"0":"post-73","1":"product","2":"type-product","3":"status-publish","4":"has-post-thumbnail","6":"product_cat-cartazes","7":"product_shipping_class-leve","9":"first","10":"instock","11":"taxable","12":"shipping-taxable","13":"purchasable","14":"product-type-simple"},"jetpack_sharing_enabled":true,"_links":{"self":[{"href":"https:\/\/joaobelo.com.br\/loja\/wp-json\/wp\/v2\/product\/73","targetHints":{"allow":["GET"]}}],"collection":[{"href":"https:\/\/joaobelo.com.br\/loja\/wp-json\/wp\/v2\/product"}],"about":[{"href":"https:\/\/joaobelo.com.br\/loja\/wp-json\/wp\/v2\/types\/product"}],"replies":[{"embeddable":true,"href":"https:\/\/joaobelo.com.br\/loja\/wp-json\/wp\/v2\/comments?post=73"}],"wp:featuredmedia":[{"embeddable":true,"href":"https:\/\/joaobelo.com.br\/loja\/wp-json\/wp\/v2\/media\/74"}],"wp:attachment":[{"href":"https:\/\/joaobelo.com.br\/loja\/wp-json\/wp\/v2\/media?parent=73"}],"wp:term":[{"taxonomy":"product_brand","embeddable":true,"href":"https:\/\/joaobelo.com.br\/loja\/wp-json\/wp\/v2\/product_brand?post=73"},{"taxonomy":"product_cat","embeddable":true,"href":"https:\/\/joaobelo.com.br\/loja\/wp-json\/wp\/v2\/product_cat?post=73"},{"taxonomy":"product_tag","embeddable":true,"href":"https:\/\/joaobelo.com.br\/loja\/wp-json\/wp\/v2\/product_tag?post=73"}],"curies":[{"name":"wp","href":"https:\/\/api.w.org\/{rel}","templated":true}]}}