{"id":67,"date":"2021-07-06T19:12:32","date_gmt":"2021-07-06T19:12:32","guid":{"rendered":"https:\/\/joaobelo.com.br\/loja\/?post_type=product&#038;p=67"},"modified":"2025-01-24T13:13:25","modified_gmt":"2025-01-24T13:13:25","slug":"cartaz-bem-te-vi","status":"publish","type":"product","link":"https:\/\/joaobelo.com.br\/loja\/produto\/cartaz-bem-te-vi\/","title":{"rendered":"cartaz Bem-te-vi"},"content":{"rendered":"<p>cartaz em formato 30x37cm. Essa ilustra\u00e7\u00e3o faz parte da s\u00e9rie \u201cquadra de p\u00e1ssaros\u201d.<br \/>\npapel offset 120g<\/p>\n<p>obs.: O cartaz ser\u00e1 enviado dobrado.<\/p>\n","protected":false},"excerpt":{"rendered":"<p>cartaz em formato 30x37cm. Essa ilustra\u00e7\u00e3o faz parte da s\u00e9rie \u201cquadra de p\u00e1ssaros\u201d.<br \/>\npapel offset 120g<\/p>\n<p>obs.: O cartaz ser\u00e1 enviado dobrado.<\/p>\n","protected":false},"featured_media":68,"comment_status":"open","ping_status":"closed","template":"","meta":{"pagelayer_contact_templates":[],"_pagelayer_content":""},"product_brand":[],"product_cat":[21],"product_tag":[],"class_list":{"0":"post-67","1":"product","2":"type-product","3":"status-publish","4":"has-post-thumbnail","6":"product_cat-cartazes","7":"product_shipping_class-cartaz","9":"first","10":"instock","11":"taxable","12":"shipping-taxable","13":"purchasable","14":"product-type-simple"},"jetpack_sharing_enabled":true,"_links":{"self":[{"href":"https:\/\/joaobelo.com.br\/loja\/wp-json\/wp\/v2\/product\/67","targetHints":{"allow":["GET"]}}],"collection":[{"href":"https:\/\/joaobelo.com.br\/loja\/wp-json\/wp\/v2\/product"}],"about":[{"href":"https:\/\/joaobelo.com.br\/loja\/wp-json\/wp\/v2\/types\/product"}],"replies":[{"embeddable":true,"href":"https:\/\/joaobelo.com.br\/loja\/wp-json\/wp\/v2\/comments?post=67"}],"wp:featuredmedia":[{"embeddable":true,"href":"https:\/\/joaobelo.com.br\/loja\/wp-json\/wp\/v2\/media\/68"}],"wp:attachment":[{"href":"https:\/\/joaobelo.com.br\/loja\/wp-json\/wp\/v2\/media?parent=67"}],"wp:term":[{"taxonomy":"product_brand","embeddable":true,"href":"https:\/\/joaobelo.com.br\/loja\/wp-json\/wp\/v2\/product_brand?post=67"},{"taxonomy":"product_cat","embeddable":true,"href":"https:\/\/joaobelo.com.br\/loja\/wp-json\/wp\/v2\/product_cat?post=67"},{"taxonomy":"product_tag","embeddable":true,"href":"https:\/\/joaobelo.com.br\/loja\/wp-json\/wp\/v2\/product_tag?post=67"}],"curies":[{"name":"wp","href":"https:\/\/api.w.org\/{rel}","templated":true}]}}