{"id":599,"date":"2025-01-24T13:19:55","date_gmt":"2025-01-24T13:19:55","guid":{"rendered":"https:\/\/joaobelo.com.br\/loja\/?post_type=product&#038;p=599"},"modified":"2025-01-24T13:23:10","modified_gmt":"2025-01-24T13:23:10","slug":"quadra-de-passaros","status":"publish","type":"product","link":"https:\/\/joaobelo.com.br\/loja\/produto\/quadra-de-passaros\/","title":{"rendered":"Quadra de p\u00e1ssaros"},"content":{"rendered":"<p>\u201cQuadra de p\u00e1ssaros\u201d \u00e9 uma s\u00e9rie de ilustra\u00e7\u00f5es inspiradas em p\u00e1ssaros caracter\u00edsticos da fauna brasileira.<br \/>\nAs ilustra\u00e7\u00f5es misturam t\u00e9cnicas manuais (pincel e nanquim) e digitais (cores e tipografia) e foram finalizadas e impressas como cartazes no formato 30x37cm<\/p>\n<p>observa\u00e7\u00e3o: os cartazes ser\u00e3o enviados dobrados<\/p>\n","protected":false},"excerpt":{"rendered":"<p>\u201cQuadra de p\u00e1ssaros\u201d \u00e9 uma s\u00e9rie de ilustra\u00e7\u00f5es inspiradas em p\u00e1ssaros caracter\u00edsticos da fauna brasileira.<br \/>\nAs ilustra\u00e7\u00f5es misturam t\u00e9cnicas manuais (pincel e nanquim) e digitais (cores e tipografia) e foram finalizadas e impressas como cartazes no formato 30x37cm<\/p>\n<p>observa\u00e7\u00e3o: os cartazes ser\u00e3o enviados dobrados<\/p>\n","protected":false},"featured_media":600,"comment_status":"open","ping_status":"closed","template":"","meta":{"pagelayer_contact_templates":[],"_pagelayer_content":""},"product_brand":[],"product_cat":[21],"product_tag":[],"class_list":{"0":"post-599","1":"product","2":"type-product","3":"status-publish","4":"has-post-thumbnail","6":"product_cat-cartazes","7":"product_shipping_class-cartaz","9":"first","10":"instock","11":"taxable","12":"shipping-taxable","13":"purchasable","14":"product-type-simple"},"jetpack_sharing_enabled":true,"_links":{"self":[{"href":"https:\/\/joaobelo.com.br\/loja\/wp-json\/wp\/v2\/product\/599","targetHints":{"allow":["GET"]}}],"collection":[{"href":"https:\/\/joaobelo.com.br\/loja\/wp-json\/wp\/v2\/product"}],"about":[{"href":"https:\/\/joaobelo.com.br\/loja\/wp-json\/wp\/v2\/types\/product"}],"replies":[{"embeddable":true,"href":"https:\/\/joaobelo.com.br\/loja\/wp-json\/wp\/v2\/comments?post=599"}],"wp:featuredmedia":[{"embeddable":true,"href":"https:\/\/joaobelo.com.br\/loja\/wp-json\/wp\/v2\/media\/600"}],"wp:attachment":[{"href":"https:\/\/joaobelo.com.br\/loja\/wp-json\/wp\/v2\/media?parent=599"}],"wp:term":[{"taxonomy":"product_brand","embeddable":true,"href":"https:\/\/joaobelo.com.br\/loja\/wp-json\/wp\/v2\/product_brand?post=599"},{"taxonomy":"product_cat","embeddable":true,"href":"https:\/\/joaobelo.com.br\/loja\/wp-json\/wp\/v2\/product_cat?post=599"},{"taxonomy":"product_tag","embeddable":true,"href":"https:\/\/joaobelo.com.br\/loja\/wp-json\/wp\/v2\/product_tag?post=599"}],"curies":[{"name":"wp","href":"https:\/\/api.w.org\/{rel}","templated":true}]}}