{"id":564,"date":"2024-05-28T14:00:38","date_gmt":"2024-05-28T14:00:38","guid":{"rendered":"https:\/\/joaobelo.com.br\/loja\/?post_type=product&#038;p=564"},"modified":"2025-11-20T16:11:02","modified_gmt":"2025-11-20T16:11:02","slug":"o-menino-no-espelho-livro-3-canivetinho-vermelho","status":"publish","type":"product","link":"https:\/\/joaobelo.com.br\/loja\/produto\/o-menino-no-espelho-livro-3-canivetinho-vermelho\/","title":{"rendered":"O Menino no Espelho &#8211; Livro 3: canivetinho vermelho"},"content":{"rendered":"<p>Em comemora\u00e7\u00e3o do centen\u00e1rio de Fernando Sabino, a Crivo Editorial, lan\u00e7a a Cole\u00e7\u00e3o O menino no espelho em quadrinhos. Neste volume 3 \u2013 O canivetinho vermelho, ilustrado pelo quadrinista Hilton Rocha \u2013, o escritor se surpreende e nos surpreende com sua repentina capacidade de fazer milagres.<\/p>\n<p>Quadrinizado por Hilton Rocha.<\/p>\n<p>17cm x 24cm<br \/>\n36 p\u00e1ginas<br \/>\n<strong>Publica\u00e7\u00e3o: <\/strong>Crivo Editorial, 05\/2024<br \/>\n<strong>ISBN: <\/strong>978-65-89720-31-7<br \/>\n<strong>G\u00eanero:\u00a0<\/strong>Infantil<\/p>\n<p>&nbsp;<\/p>\n","protected":false},"excerpt":{"rendered":"<p>O menino no espelho &#8211; Livro 3: Canivetinho vermelho<\/p>\n<p>17cm x 24cm<br \/>\n36 p\u00e1ginas<br \/>\n<strong>Publica\u00e7\u00e3o: <\/strong>Crivo Editorial, 05\/2024<br \/>\n<strong>ISBN: <\/strong>978-65-89720-31-7<br \/>\n<strong>G\u00eanero:\u00a0<\/strong>Infantil<\/p>\n","protected":false},"featured_media":572,"comment_status":"open","ping_status":"closed","template":"","meta":{"pagelayer_contact_templates":[],"_pagelayer_content":""},"product_brand":[],"product_cat":[22],"product_tag":[],"class_list":{"0":"post-564","1":"product","2":"type-product","3":"status-publish","4":"has-post-thumbnail","6":"product_cat-quadrinho","7":"product_shipping_class-medio","9":"first","10":"instock","11":"taxable","12":"shipping-taxable","13":"purchasable","14":"product-type-simple"},"jetpack_sharing_enabled":true,"_links":{"self":[{"href":"https:\/\/joaobelo.com.br\/loja\/wp-json\/wp\/v2\/product\/564","targetHints":{"allow":["GET"]}}],"collection":[{"href":"https:\/\/joaobelo.com.br\/loja\/wp-json\/wp\/v2\/product"}],"about":[{"href":"https:\/\/joaobelo.com.br\/loja\/wp-json\/wp\/v2\/types\/product"}],"replies":[{"embeddable":true,"href":"https:\/\/joaobelo.com.br\/loja\/wp-json\/wp\/v2\/comments?post=564"}],"wp:featuredmedia":[{"embeddable":true,"href":"https:\/\/joaobelo.com.br\/loja\/wp-json\/wp\/v2\/media\/572"}],"wp:attachment":[{"href":"https:\/\/joaobelo.com.br\/loja\/wp-json\/wp\/v2\/media?parent=564"}],"wp:term":[{"taxonomy":"product_brand","embeddable":true,"href":"https:\/\/joaobelo.com.br\/loja\/wp-json\/wp\/v2\/product_brand?post=564"},{"taxonomy":"product_cat","embeddable":true,"href":"https:\/\/joaobelo.com.br\/loja\/wp-json\/wp\/v2\/product_cat?post=564"},{"taxonomy":"product_tag","embeddable":true,"href":"https:\/\/joaobelo.com.br\/loja\/wp-json\/wp\/v2\/product_tag?post=564"}],"curies":[{"name":"wp","href":"https:\/\/api.w.org\/{rel}","templated":true}]}}