{"id":12,"date":"2021-07-01T19:35:06","date_gmt":"2021-07-01T19:35:06","guid":{"rendered":"https:\/\/joaobelo.com.br\/loja\/produto\/hoodie-with-logo\/"},"modified":"2024-06-21T19:57:24","modified_gmt":"2024-06-21T19:57:24","slug":"menor_distancia","status":"publish","type":"product","link":"https:\/\/joaobelo.com.br\/loja\/produto\/menor_distancia\/","title":{"rendered":"Na outra margem"},"content":{"rendered":"<div><span style=\"color: #666666;\"><span class=\"il\">Sinopse<\/span>:<\/span><\/div>\n<div><span style=\"color: #666666;\">Numa pequena cidade do interior, uma ponte caindo aos peda\u00e7os une mais que duas\u00a0<span class=\"il\">margens<\/span>, une hist\u00f3rias e pessoas comuns. A partir dessa personagem &#8211; a ponte &#8211; v\u00e1rias dessas hist\u00f3rias se encontram levando Z\u00e9 Mendigo, um morador de rua, a &#8216;arrega\u00e7ar as mangas&#8217; e fazer algo realmente diferente. <\/span><\/div>\n<div>Autor: Jo\u00e3o Belo<br \/>\nAno de lan\u00e7amento: 2015<br \/>\nDimens\u00e3o: 15,5 x 22,5 cm<br \/>\nN\u00famero de p\u00e1ginas: 24<br \/>\nImpress\u00e3o: Cores<\/div>\n<div id=\"accel-snackbar\" style=\"left: 50%; transform: translate(-50%, 0px); top: 50px;\"><\/div>\n","protected":false},"excerpt":{"rendered":"<div><span style=\"color: #666666;\"><span class=\"il\">Sinopse<\/span>:<\/span><\/div>\n<div><span style=\"color: #666666;\">Numa pequena cidade do interior, uma ponte caindo aos peda\u00e7os une mais que duas\u00a0<span class=\"il\">margens<\/span>, une hist\u00f3rias e pessoas comuns. A partir dessa personagem &#8211; a ponte &#8211; v\u00e1rias dessas hist\u00f3rias se encontram levando Z\u00e9 Mendigo, um morador de rua, a &#8216;arrega\u00e7ar as mangas&#8217; e fazer algo realmente diferente.<\/span><\/div>\n<div><\/div>\n<div>Autor: Jo\u00e3o Belo<br \/>\nAno de lan\u00e7amento: 2015<br \/>\nDimens\u00e3o: 15,5 x 22,5 cm<br \/>\nN\u00famero de p\u00e1ginas: 24<br \/>\nImpress\u00e3o: Cores<\/div>\n<div id=\"accel-snackbar\" style=\"left: 50%; transform: translate(-50%, 0px); top: 50px;\"><\/div>\n","protected":false},"featured_media":26,"comment_status":"open","ping_status":"closed","template":"","meta":{"pagelayer_contact_templates":[],"_pagelayer_content":""},"product_brand":[],"product_cat":[32,22],"product_tag":[],"class_list":{"0":"post-12","1":"product","2":"type-product","3":"status-publish","4":"has-post-thumbnail","6":"product_cat-quadrinho-nacional","7":"product_cat-quadrinho","9":"first","10":"outofstock","11":"taxable","12":"shipping-taxable","13":"purchasable","14":"product-type-simple"},"jetpack_sharing_enabled":true,"_links":{"self":[{"href":"https:\/\/joaobelo.com.br\/loja\/wp-json\/wp\/v2\/product\/12","targetHints":{"allow":["GET"]}}],"collection":[{"href":"https:\/\/joaobelo.com.br\/loja\/wp-json\/wp\/v2\/product"}],"about":[{"href":"https:\/\/joaobelo.com.br\/loja\/wp-json\/wp\/v2\/types\/product"}],"replies":[{"embeddable":true,"href":"https:\/\/joaobelo.com.br\/loja\/wp-json\/wp\/v2\/comments?post=12"}],"wp:featuredmedia":[{"embeddable":true,"href":"https:\/\/joaobelo.com.br\/loja\/wp-json\/wp\/v2\/media\/26"}],"wp:attachment":[{"href":"https:\/\/joaobelo.com.br\/loja\/wp-json\/wp\/v2\/media?parent=12"}],"wp:term":[{"taxonomy":"product_brand","embeddable":true,"href":"https:\/\/joaobelo.com.br\/loja\/wp-json\/wp\/v2\/product_brand?post=12"},{"taxonomy":"product_cat","embeddable":true,"href":"https:\/\/joaobelo.com.br\/loja\/wp-json\/wp\/v2\/product_cat?post=12"},{"taxonomy":"product_tag","embeddable":true,"href":"https:\/\/joaobelo.com.br\/loja\/wp-json\/wp\/v2\/product_tag?post=12"}],"curies":[{"name":"wp","href":"https:\/\/api.w.org\/{rel}","templated":true}]}}